{"id":55,"date":"2023-02-02T14:30:08","date_gmt":"2023-02-02T14:30:08","guid":{"rendered":"https:\/\/www.nestorhuolto.fi\/?page_id=55"},"modified":"2026-02-16T07:00:10","modified_gmt":"2026-02-16T07:00:10","slug":"yhteystiedot","status":"publish","type":"page","link":"https:\/\/www.nestorhuolto.fi\/index.php\/yhteystiedot\/","title":{"rendered":"YHTEYSTIEDOT"},"content":{"rendered":"\n<p>AVOINNA MA-PE 08-17<\/p>\n\n\n\n<p>Nestor Truck Service Oy<\/p>\n\n\n\n<p>Y-tunnus: 2453705-6<\/p>\n\n\n\n<p>Senkkerin mets\u00e4tie 149<\/p>\n\n\n\n<p>C-hallin oranssi hallinp\u00e4\u00e4ty (uusi halli)<\/p>\n\n\n\n<p>04360 Tuusula<\/p>\n\n\n\n<p><\/p>\n\n\n\n<p>+358405004919 (Fin)<\/p>\n\n\n\n<p>+358505365664 (Fin)<\/p>\n\n\n\n<p>nestorhuolto@gmail.com<\/p>\n\n\n\n<p><\/p>\n","protected":false},"excerpt":{"rendered":"<p>AVOINNA MA-PE 08-17 Nestor Truck Service Oy Y-tunnus: 2453705-6 Senkkerin mets\u00e4tie 149 C-hallin oranssi hallinp\u00e4\u00e4ty (uusi halli) 04360 Tuusula +358405004919 (Fin) +358505365664 (Fin) nestorhuolto@gmail.com<\/p>\n","protected":false},"author":1,"featured_media":0,"parent":0,"menu_order":0,"comment_status":"closed","ping_status":"closed","template":"","meta":{"_regular_price":[],"currency_symbol":[],"footnotes":""},"class_list":["post-55","page","type-page","status-publish","hentry"],"post_slider_layout_featured_media_urls":{"thumbnail":"","post_slider_layout_landscape_large":"","post_slider_layout_portrait_large":"","post_slider_layout_square_large":"","post_slider_layout_landscape":"","post_slider_layout_portrait":"","post_slider_layout_square":"","full":""},"_links":{"self":[{"href":"https:\/\/www.nestorhuolto.fi\/index.php\/wp-json\/wp\/v2\/pages\/55","targetHints":{"allow":["GET"]}}],"collection":[{"href":"https:\/\/www.nestorhuolto.fi\/index.php\/wp-json\/wp\/v2\/pages"}],"about":[{"href":"https:\/\/www.nestorhuolto.fi\/index.php\/wp-json\/wp\/v2\/types\/page"}],"author":[{"embeddable":true,"href":"https:\/\/www.nestorhuolto.fi\/index.php\/wp-json\/wp\/v2\/users\/1"}],"replies":[{"embeddable":true,"href":"https:\/\/www.nestorhuolto.fi\/index.php\/wp-json\/wp\/v2\/comments?post=55"}],"version-history":[{"count":8,"href":"https:\/\/www.nestorhuolto.fi\/index.php\/wp-json\/wp\/v2\/pages\/55\/revisions"}],"predecessor-version":[{"id":318,"href":"https:\/\/www.nestorhuolto.fi\/index.php\/wp-json\/wp\/v2\/pages\/55\/revisions\/318"}],"wp:attachment":[{"href":"https:\/\/www.nestorhuolto.fi\/index.php\/wp-json\/wp\/v2\/media?parent=55"}],"curies":[{"name":"wp","href":"https:\/\/api.w.org\/{rel}","templated":true}]}}