{"id":56,"date":"2023-02-02T14:30:08","date_gmt":"2023-02-02T14:30:08","guid":{"rendered":"https:\/\/www.nestorhuolto.fi\/?page_id=56"},"modified":"2024-10-23T14:10:10","modified_gmt":"2024-10-23T14:10:10","slug":"palvelumme","status":"publish","type":"page","link":"https:\/\/www.nestorhuolto.fi\/index.php\/palvelumme\/","title":{"rendered":"Palvelumme"},"content":{"rendered":"\n<p><strong>Raskaan kaluston korjaamo.<\/strong><\/p>\n\n\n\n<p>Suoritamme kaikki huolto ja korjausty\u00f6t ajoneuvoosi ammattitaitoisesti ja kilpailukykyiseen hintaan. <\/p>\n\n\n\n<p><strong>S\u00e4hk\u00f6ty\u00f6t<\/strong><\/p>\n\n\n\n<p><strong>Voimansiirto<\/strong> <\/p>\n\n\n\n<p><strong>Alusta<\/strong> <\/p>\n\n\n\n<p><strong>Jarrut<\/strong> <\/p>\n\n\n\n<p><strong>Jousitus<\/strong> <\/p>\n\n\n\n<p><strong>P\u00e4\u00e4llirakenne<\/strong><\/p>\n\n\n\n<p><strong>llmastointity\u00f6t<\/strong><\/p>\n\n\n\n<p><strong>Moottorihuollot ja korjaukset<\/strong><\/p>\n\n\n\n<p><strong>Katsastukseen vienti\/katsastus vikalistan korjaukset<\/strong><\/p>\n\n\n\n<p><\/p>\n\n\n\n<p><strong>Suoritamme my\u00f6s piirturi sek\u00e4 nopeudenrajoittimen tarkastukset (vain digi-malliset sek\u00e4 \u00e4lypiirturit)<\/strong><\/p>\n\n\n\n<p class=\"has-medium-font-size\"><strong>TARJOLLA MY\u00d6S TIEPALVELU, YHTEISTY\u00d6SS\u00c4 HIGHWAY HERO OY:N KANSSA!<\/strong><\/p>\n\n\n\n<p><strong>Kysy tarjous! Puhelimitse tai s\u00e4hk\u00f6postilla<\/strong><\/p>\n\n\n\n<p><\/p>\n\n\n\n<p class=\"has-medium-font-size\"><\/p>\n","protected":false},"excerpt":{"rendered":"<p>Raskaan kaluston korjaamo. Suoritamme kaikki huolto ja korjausty\u00f6t ajoneuvoosi ammattitaitoisesti ja kilpailukykyiseen hintaan. S\u00e4hk\u00f6ty\u00f6t Voimansiirto Alusta Jarrut Jousitus P\u00e4\u00e4llirakenne llmastointity\u00f6t Moottorihuollot ja korjaukset Katsastukseen vienti\/katsastus vikalistan korjaukset Suoritamme my\u00f6s piirturi sek\u00e4 nopeudenrajoittimen tarkastukset (vain digi-malliset sek\u00e4 \u00e4lypiirturit) TARJOLLA MY\u00d6S TIEPALVELU, YHTEISTY\u00d6SS\u00c4 HIGHWAY HERO OY:N KANSSA! Kysy tarjous! Puhelimitse tai s\u00e4hk\u00f6postilla<\/p>\n","protected":false},"author":1,"featured_media":0,"parent":0,"menu_order":0,"comment_status":"closed","ping_status":"closed","template":"","meta":{"_regular_price":[],"currency_symbol":[],"footnotes":""},"class_list":["post-56","page","type-page","status-publish","hentry"],"post_slider_layout_featured_media_urls":{"thumbnail":"","post_slider_layout_landscape_large":"","post_slider_layout_portrait_large":"","post_slider_layout_square_large":"","post_slider_layout_landscape":"","post_slider_layout_portrait":"","post_slider_layout_square":"","full":""},"_links":{"self":[{"href":"https:\/\/www.nestorhuolto.fi\/index.php\/wp-json\/wp\/v2\/pages\/56","targetHints":{"allow":["GET"]}}],"collection":[{"href":"https:\/\/www.nestorhuolto.fi\/index.php\/wp-json\/wp\/v2\/pages"}],"about":[{"href":"https:\/\/www.nestorhuolto.fi\/index.php\/wp-json\/wp\/v2\/types\/page"}],"author":[{"embeddable":true,"href":"https:\/\/www.nestorhuolto.fi\/index.php\/wp-json\/wp\/v2\/users\/1"}],"replies":[{"embeddable":true,"href":"https:\/\/www.nestorhuolto.fi\/index.php\/wp-json\/wp\/v2\/comments?post=56"}],"version-history":[{"count":17,"href":"https:\/\/www.nestorhuolto.fi\/index.php\/wp-json\/wp\/v2\/pages\/56\/revisions"}],"predecessor-version":[{"id":293,"href":"https:\/\/www.nestorhuolto.fi\/index.php\/wp-json\/wp\/v2\/pages\/56\/revisions\/293"}],"wp:attachment":[{"href":"https:\/\/www.nestorhuolto.fi\/index.php\/wp-json\/wp\/v2\/media?parent=56"}],"curies":[{"name":"wp","href":"https:\/\/api.w.org\/{rel}","templated":true}]}}