{"id":88,"date":"2023-02-09T12:50:22","date_gmt":"2023-02-09T12:50:22","guid":{"rendered":"https:\/\/www.nestorhuolto.fi\/?page_id=88"},"modified":"2023-07-25T12:01:18","modified_gmt":"2023-07-25T12:01:18","slug":"laskutustiedot","status":"publish","type":"page","link":"https:\/\/www.nestorhuolto.fi\/index.php\/laskutustiedot\/","title":{"rendered":"LASKUTUSTIEDOT"},"content":{"rendered":"\n<p style=\"font-style:normal;font-weight:700\">Y-tunnus:<\/p>\n\n\n\n<p>2453705-6<\/p>\n\n\n\n<p><strong>Verkkolaskuna:<\/strong><\/p>\n\n\n\n<p>Ostolaskujen vastaanotto<\/p>\n\n\n\n<p>Verkkolaskuosoite 003724537056<\/p>\n\n\n\n<p>Operaattoritunnus 003708599126 (Liaison)<\/p>\n\n\n\n<p>V\u00e4litt\u00e4j\u00e4 Open Text Oy<\/p>\n\n\n\n<p><\/p>\n\n\n\n<p><\/p>\n\n\n\n<p><strong>S\u00e4hk\u00f6postitse<\/strong> <\/p>\n\n\n\n<p>laskutus(at)nestorhuolto.fi<\/p>\n\n\n\n<p><\/p>\n\n\n\n<p><\/p>\n\n\n\n<p><strong>Postitse<\/strong> <\/p>\n\n\n\n<p>Nestor Truck Service Oy<\/p>\n\n\n\n<p>Hyttikuja 4<\/p>\n\n\n\n<p>05200 Rajam\u00e4ki<\/p>\n\n\n\n<p><\/p>\n\n\n\n<p><\/p>\n\n\n\n<p>S\u00e4hk\u00f6postitse l\u00e4hetett\u00e4viss\u00e4 laskuissa, toimittakaa lasku ja sen liitteet <strong>YHTEN\u00c4 PDF-LIITETIEDOSTONA<\/strong>.<\/p>\n\n\n\n<p>Toivomme kuitenkin, ett\u00e4 tekin siirtyisitte verkkolaskutukseen. Verkkolaskuosoitteen ja v\u00e4litt\u00e4j\u00e4mme tunnuksen l\u00f6yd\u00e4tte yll\u00e4.<\/p>\n\n\n\n<p><\/p>\n\n\n\n<p>Mik\u00e4li teill\u00e4 on kysytt\u00e4v\u00e4\u00e4 jotain laskutukseen liittyen, voitte olla meihin yhteydess\u00e4; <strong>laskutus(at)nestorhuolto.fi<\/strong> <\/p>\n\n\n\n<p><\/p>\n\n\n\n<p><\/p>\n\n\n\n<p><\/p>\n","protected":false},"excerpt":{"rendered":"<p>Y-tunnus: 2453705-6 Verkkolaskuna: Ostolaskujen vastaanotto Verkkolaskuosoite 003724537056 Operaattoritunnus 003708599126 (Liaison) V\u00e4litt\u00e4j\u00e4 Open Text Oy S\u00e4hk\u00f6postitse laskutus(at)nestorhuolto.fi Postitse Nestor Truck Service Oy Hyttikuja 4 05200 Rajam\u00e4ki S\u00e4hk\u00f6postitse l\u00e4hetett\u00e4viss\u00e4 laskuissa, toimittakaa lasku ja sen liitteet YHTEN\u00c4 PDF-LIITETIEDOSTONA. Toivomme kuitenkin, ett\u00e4 tekin siirtyisitte verkkolaskutukseen. Verkkolaskuosoitteen ja v\u00e4litt\u00e4j\u00e4mme tunnuksen l\u00f6yd\u00e4tte yll\u00e4. Mik\u00e4li teill\u00e4 on kysytt\u00e4v\u00e4\u00e4 jotain laskutukseen liittyen, voitte [&hellip;]<\/p>\n","protected":false},"author":1,"featured_media":0,"parent":0,"menu_order":0,"comment_status":"closed","ping_status":"closed","template":"","meta":{"_regular_price":[],"currency_symbol":[],"footnotes":""},"class_list":["post-88","page","type-page","status-publish","hentry"],"post_slider_layout_featured_media_urls":{"thumbnail":"","post_slider_layout_landscape_large":"","post_slider_layout_portrait_large":"","post_slider_layout_square_large":"","post_slider_layout_landscape":"","post_slider_layout_portrait":"","post_slider_layout_square":"","full":""},"_links":{"self":[{"href":"https:\/\/www.nestorhuolto.fi\/index.php\/wp-json\/wp\/v2\/pages\/88","targetHints":{"allow":["GET"]}}],"collection":[{"href":"https:\/\/www.nestorhuolto.fi\/index.php\/wp-json\/wp\/v2\/pages"}],"about":[{"href":"https:\/\/www.nestorhuolto.fi\/index.php\/wp-json\/wp\/v2\/types\/page"}],"author":[{"embeddable":true,"href":"https:\/\/www.nestorhuolto.fi\/index.php\/wp-json\/wp\/v2\/users\/1"}],"replies":[{"embeddable":true,"href":"https:\/\/www.nestorhuolto.fi\/index.php\/wp-json\/wp\/v2\/comments?post=88"}],"version-history":[{"count":7,"href":"https:\/\/www.nestorhuolto.fi\/index.php\/wp-json\/wp\/v2\/pages\/88\/revisions"}],"predecessor-version":[{"id":209,"href":"https:\/\/www.nestorhuolto.fi\/index.php\/wp-json\/wp\/v2\/pages\/88\/revisions\/209"}],"wp:attachment":[{"href":"https:\/\/www.nestorhuolto.fi\/index.php\/wp-json\/wp\/v2\/media?parent=88"}],"curies":[{"name":"wp","href":"https:\/\/api.w.org\/{rel}","templated":true}]}}